{"id":740,"date":"2015-07-16T09:17:29","date_gmt":"2015-07-16T09:17:29","guid":{"rendered":"http:\/\/cinderella.stylemixthemes.com\/demo\/?page_id=740"},"modified":"2022-03-22T17:49:22","modified_gmt":"2022-03-22T16:49:22","slug":"home-transparent","status":"publish","type":"page","link":"https:\/\/omainsdefey.fr\/","title":{"rendered":"Accueil"},"content":{"rendered":"<p>[vc_row full_width=\u00a0\u00bbstretch_row\u00a0\u00bb css=\u00a0\u00bb.vc_custom_1436955008925{margin-bottom: 0px !important;}\u00a0\u00bb][vc_column el_class=\u00a0\u00bbmain_slider\u00a0\u00bb offset=\u00a0\u00bbvc_hidden-xs\u00a0\u00bb][rev_slider_vc alias=\u00a0\u00bbfull_screen_slider\u00a0\u00bb][\/vc_column][\/vc_row][vc_row full_width=\u00a0\u00bbstretch_row\u00a0\u00bb css=\u00a0\u00bb.vc_custom_1558111956649{margin-bottom: 55px !important;padding-top: 40px !important;padding-bottom: 63px !important;background-color: #b3dff0 !important;}\u00a0\u00bb el_class=\u00a0\u00bbmain_call_2_action_after\u00a0\u00bb][vc_column][vc_custom_heading type=\u00a0\u00bbicon_bottom\u00a0\u00bb icon=\u00a0\u00bb\u00a0\u00bb text=\u00a0\u00bbNos prestations\u00a0\u00bb font_container=\u00a0\u00bbtag:h2|text_align:center|color:%230a2045|line_height:42px\u00a0\u00bb google_fonts=\u00a0\u00bbfont_family:Playfair%20Display%3Aregular%2Citalic%2C700%2C700italic%2C900%2C900italic|font_style:400%20regular%3A400%3Anormal\u00a0\u00bb css=\u00a0\u00bb.vc_custom_1558119402078{margin-bottom: 37px !important;}\u00a0\u00bb][vc_row_inner css=\u00a0\u00bb.vc_custom_1437115868804{margin-bottom: 0px !important;}\u00a0\u00bb][vc_column_inner width=\u00a0\u00bb1\/3&Prime;][stm_icon_box icon=\u00a0\u00bbstm-icon-eye\u00a0\u00bb icon_size=\u00a0\u00bb50&Prime; title=\u00a0\u00bbExtensions de cils\u00a0\u00bb css=\u00a0\u00bb.vc_custom_1559392339795{margin-bottom: 54px !important;}\u00a0\u00bb link=\u00a0\u00bburl:http%3A%2F%2Fomainsdefey.fr%2Findex.php%2Fprestations%2F|title:Nos%20prestations||\u00a0\u00bb]Extensions cil \u00e0 cil en cachemire ou en soie. Texture soyeuse et agr\u00e9able. R\u00e9sultat naturel et glamour ![\/stm_icon_box][\/vc_column_inner][vc_column_inner width=\u00a0\u00bb1\/3&Prime;][stm_icon_box icon=\u00a0\u00bbfa fa-hand-paper-o\u00a0\u00bb icon_size=\u00a0\u00bb50&Prime; title=\u00a0\u00bbReflexologie tha\u00ef\u00a0\u00bb css=\u00a0\u00bb.vc_custom_1559392349483{margin-bottom: 54px !important;}\u00a0\u00bb link=\u00a0\u00bburl:http%3A%2F%2Fomainsdefey.fr%2Findex.php%2Fprestations%2F|title:Nos%20prestations||\u00a0\u00bb]Relance le courant \u00e9nerg\u00e9tique et a un effet th\u00e9rapeutique.[\/stm_icon_box][\/vc_column_inner][vc_column_inner width=\u00a0\u00bb1\/3&Prime;][stm_icon_box icon=\u00a0\u00bbfa fa-hand-paper-o\u00a0\u00bb icon_size=\u00a0\u00bb50&Prime; title=\u00a0\u00bbMassage californien\u00a0\u00bb css=\u00a0\u00bb.vc_custom_1559392358430{margin-bottom: 54px !important;}\u00a0\u00bb link=\u00a0\u00bburl:http%3A%2F%2Fomainsdefey.fr%2Findex.php%2Fprestations%2F|title:Nos%20prestations||\u00a0\u00bb]Massage d\u00e9tente aux mouvements fluides, continus et compl\u00e9t\u00e9s par des p\u00e9trissages et de longs effleurements.[\/stm_icon_box][\/vc_column_inner][\/vc_row_inner][\/vc_column][\/vc_row][vc_row full_width=\u00a0\u00bbstretch_row\u00a0\u00bb css=\u00a0\u00bb.vc_custom_1437653795518{margin-bottom: 70px !important;}\u00a0\u00bb][vc_column][vc_custom_heading type=\u00a0\u00bbicon_bottom\u00a0\u00bb icon=\u00a0\u00bbstm-icon-flower-2&Prime; icon_size=\u00a0\u00bb15&Prime; text=\u00a0\u00bbNos tarifs\u00a0\u00bb font_container=\u00a0\u00bbtag:h2|text_align:center|color:%230a2045|line_height:42px\u00a0\u00bb google_fonts=\u00a0\u00bbfont_family:Playfair%20Display%3Aregular%2Citalic%2C700%2C700italic%2C900%2C900italic|font_style:400%20regular%3A400%3Anormal\u00a0\u00bb css=\u00a0\u00bb.vc_custom_1558111988236{margin-bottom: 25px !important;}\u00a0\u00bb][stm_services_tabs][vc_btn title=\u00a0\u00bbPRENDRE RDV\u00a0\u00bb style=\u00a0\u00bbflat\u00a0\u00bb color=\u00a0\u00bbsky\u00a0\u00bb align=\u00a0\u00bbcenter\u00a0\u00bb link=\u00a0\u00bburl:%23|||\u00a0\u00bb][\/vc_column][\/vc_row][vc_row full_width=\u00a0\u00bbstretch_row_content_no_spaces\u00a0\u00bb css=\u00a0\u00bb.vc_custom_1437375306516{margin-bottom: 60px !important;}\u00a0\u00bb][vc_column width=\u00a0\u00bb1\/2&Prime;][stm_promo title=\u00a0\u00bbR\u00e9flexologie Tha\u00ef\u00a0\u00bb description=\u00a0\u00bbRelance \u00e9nerg\u00e9tique\u00a0\u00bb height=\u00a0\u00bb310&Prime; css=\u00a0\u00bb.vc_custom_1559392369577{background-image: url(http:\/\/omainsdefey.fr\/wp-content\/uploads\/2019\/05\/O-mains-de-Fey-35.jpg?id=1203) !important;background-position: center !important;background-repeat: no-repeat !important;background-size: cover !important;}\u00a0\u00bb link=\u00a0\u00bburl:http%3A%2F%2Fomainsdefey.fr%2Findex.php%2Fprestations%2F|title:Nos%20prestations||\u00a0\u00bb][\/vc_column][vc_column width=\u00a0\u00bb1\/2&Prime;][stm_promo title=\u00a0\u00bbMassage californien\u00a0\u00bb description=\u00a0\u00bbD\u00e9tente &amp; relaxation\u00a0\u00bb height=\u00a0\u00bb310&Prime; css=\u00a0\u00bb.vc_custom_1559392380075{background-image: url(http:\/\/omainsdefey.fr\/wp-content\/uploads\/2019\/05\/O-mains-de-Fey-27.jpg?id=1204) !important;background-position: center !important;background-repeat: no-repeat !important;background-size: cover !important;}\u00a0\u00bb link=\u00a0\u00bburl:http%3A%2F%2Fomainsdefey.fr%2Findex.php%2Fprestations%2F|title:Nos%20prestations||\u00a0\u00bb][\/vc_column][\/vc_row][vc_row full_width=\u00a0\u00bbstretch_row\u00a0\u00bb parallax=\u00a0\u00bbcontent-moving\u00a0\u00bb css=\u00a0\u00bb.vc_custom_1559392508656{margin-bottom: 65px !important;padding-top: 60px !important;padding-bottom: 70px !important;background-color: #007fc6 !important;}\u00a0\u00bb bg_position=\u00a0\u00bb50% 50%\u00a0\u00bb][vc_column css=\u00a0\u00bb.vc_custom_1559392443973{background-color: #007fc6 !important;}\u00a0\u00bb][vc_custom_heading type=\u00a0\u00bbicon_bottom\u00a0\u00bb icon=\u00a0\u00bbstm-icon-flower-2&Prime; icon_size=\u00a0\u00bb15&Prime; text=\u00a0\u00bbT\u00e9moignages\u00a0\u00bb font_container=\u00a0\u00bbtag:h2|font_size:36px|text_align:center|color:%23ffffff\u00a0\u00bb google_fonts=\u00a0\u00bbfont_family:Playfair%20Display%3Aregular%2Citalic%2C700%2C700italic%2C900%2C900italic|font_style:400%20regular%3A400%3Anormal\u00a0\u00bb icon_color=\u00a0\u00bb#ffffff\u00a0\u00bb css=\u00a0\u00bb.vc_custom_1558117796198{margin-bottom: 40px !important;}\u00a0\u00bb][stm_testimonials count=\u00a0\u00bb5&Prime;][\/vc_column][\/vc_row][vc_row][vc_column width=\u00a0\u00bb1\/3&Prime;][\/vc_column][vc_column width=\u00a0\u00bb1\/3&Prime;][vc_custom_heading type=\u00a0\u00bbicon_bottom\u00a0\u00bb icon=\u00a0\u00bbstm-icon-flower-2&Prime; icon_size=\u00a0\u00bb15&Prime; text=\u00a0\u00bbLes news de l&rsquo;institut\u00a0\u00bb font_container=\u00a0\u00bbtag:h2|text_align:center|color:%230a2045&Prime; google_fonts=\u00a0\u00bbfont_family:Playfair%20Display%3Aregular%2Citalic%2C700%2C700italic%2C900%2C900italic|font_style:400%20regular%3A400%3Anormal\u00a0\u00bb icon_color=\u00a0\u00bb#c8cdd4&Prime; css=\u00a0\u00bb.vc_custom_1558117935351{margin-bottom: 35px !important;}\u00a0\u00bb][vc_column_text]<iframe loading=\"lazy\" style=\"border: none; overflow: hidden;\" src=\"https:\/\/www.facebook.com\/plugins\/page.php?href=https%3A%2F%2Fwww.facebook.com%2F%C3%94-Mains-de-Fey-316483979226089%2F&amp;tabs=timeline&amp;width=500&amp;height=500&amp;small_header=false&amp;adapt_container_width=true&amp;hide_cover=false&amp;show_facepile=true&amp;appId=1810202319231206\" width=\"500\" height=\"500\" frameborder=\"0\" scrolling=\"no\"><\/iframe>[\/vc_column_text][\/vc_column][vc_column width=\u00a0\u00bb1\/3&Prime;][\/vc_column][\/vc_row][vc_row full_width=\u00a0\u00bbstretch_row\u00a0\u00bb css=\u00a0\u00bb.vc_custom_1558118057078{margin-bottom: 0px !important;padding-top: 18px !important;padding-bottom: 18px !important;background: #0093d3 url(http:\/\/omainsdefey.fr\/wp-content\/uploads\/2015\/06\/floral_pattern.png?id=86) !important;}\u00a0\u00bb bg_position=\u00a0\u00bb50% 50%\u00a0\u00bb bg_size=\u00a0\u00bb275px 275px\u00a0\u00bb el_class=\u00a0\u00bbinner_call_2_action\u00a0\u00bb][vc_column offset=\u00a0\u00bbvc_col-lg-12 vc_col-md-12&Prime;][vc_custom_heading text=\u00a0\u00bbPrenez rendez-vous au 06.56.70.22.08&Prime; font_container=\u00a0\u00bbtag:h2|text_align:right|color:%23ffffff|line_height:37px\u00a0\u00bb google_fonts=\u00a0\u00bbfont_family:Playfair%20Display%3Aregular%2Citalic%2C700%2C700italic%2C900%2C900italic|font_style:400%20italic%3A400%3Aitalic\u00a0\u00bb][\/vc_column][\/vc_row]<\/p>\n","protected":false},"excerpt":{"rendered":"<p>[vc_row full_width=\u00a0\u00bbstretch_row\u00a0\u00bb css=\u00a0\u00bb.vc_custom_1436955008925{margin-bottom: 0px !important;}\u00a0\u00bb][vc_column el_class=\u00a0\u00bbmain_slider\u00a0\u00bb offset=\u00a0\u00bbvc_hidden-xs\u00a0\u00bb][rev_slider_vc alias=\u00a0\u00bbfull_screen_slider\u00a0\u00bb][\/vc_column][\/vc_row][vc_row full_width=\u00a0\u00bbstretch_row\u00a0\u00bb css=\u00a0\u00bb.vc_custom_1558111956649{margin-bottom: 55px !important;padding-top: 40px !important;padding-bottom: 63px !important;background-color: #b3dff0 !important;}\u00a0\u00bb el_class=\u00a0\u00bbmain_call_2_action_after\u00a0\u00bb][vc_column][vc_custom_heading type=\u00a0\u00bbicon_bottom\u00a0\u00bb icon=\u00a0\u00bb\u00a0\u00bb text=\u00a0\u00bbNos prestations\u00a0\u00bb font_container=\u00a0\u00bbtag:h2|text_align:center|color:%230a2045|line_height:42px\u00a0\u00bb google_fonts=\u00a0\u00bbfont_family:Playfair%20Display%3Aregular%2Citalic%2C700%2C700italic%2C900%2C900italic|font_style:400%20regular%3A400%3Anormal\u00a0\u00bb css=\u00a0\u00bb.vc_custom_1558119402078{margin-bottom: 37px !important;}\u00a0\u00bb][vc_row_inner css=\u00a0\u00bb.vc_custom_1437115868804{margin-bottom: 0px !important;}\u00a0\u00bb][vc_column_inner width=\u00a0\u00bb1\/3&Prime;][stm_icon_box icon=\u00a0\u00bbstm-icon-eye\u00a0\u00bb icon_size=\u00a0\u00bb50&Prime; title=\u00a0\u00bbExtensions de cils\u00a0\u00bb css=\u00a0\u00bb.vc_custom_1559392339795{margin-bottom: 54px !important;}\u00a0\u00bb link=\u00a0\u00bburl:http%3A%2F%2Fomainsdefey.fr%2Findex.php%2Fprestations%2F|title:Nos%20prestations||\u00a0\u00bb]Extensions cil \u00e0 cil en cachemire ou en soie. Texture soyeuse et agr\u00e9able. R\u00e9sultat naturel [&hellip;]<\/p>\n","protected":false},"author":1,"featured_media":0,"parent":0,"menu_order":0,"comment_status":"closed","ping_status":"closed","template":"","meta":{"_monsterinsights_skip_tracking":false,"_monsterinsights_sitenote_active":false,"_monsterinsights_sitenote_note":"","_monsterinsights_sitenote_category":0},"_links":{"self":[{"href":"https:\/\/omainsdefey.fr\/index.php\/wp-json\/wp\/v2\/pages\/740"}],"collection":[{"href":"https:\/\/omainsdefey.fr\/index.php\/wp-json\/wp\/v2\/pages"}],"about":[{"href":"https:\/\/omainsdefey.fr\/index.php\/wp-json\/wp\/v2\/types\/page"}],"author":[{"embeddable":true,"href":"https:\/\/omainsdefey.fr\/index.php\/wp-json\/wp\/v2\/users\/1"}],"replies":[{"embeddable":true,"href":"https:\/\/omainsdefey.fr\/index.php\/wp-json\/wp\/v2\/comments?post=740"}],"version-history":[{"count":35,"href":"https:\/\/omainsdefey.fr\/index.php\/wp-json\/wp\/v2\/pages\/740\/revisions"}],"predecessor-version":[{"id":1372,"href":"https:\/\/omainsdefey.fr\/index.php\/wp-json\/wp\/v2\/pages\/740\/revisions\/1372"}],"wp:attachment":[{"href":"https:\/\/omainsdefey.fr\/index.php\/wp-json\/wp\/v2\/media?parent=740"}],"curies":[{"name":"wp","href":"https:\/\/api.w.org\/{rel}","templated":true}]}}