{"id":394,"date":"2015-07-08T10:55:06","date_gmt":"2015-07-08T10:55:06","guid":{"rendered":"http:\/\/cinderella.stylemixthemes.com\/demo\/?page_id=394"},"modified":"2019-06-03T16:02:07","modified_gmt":"2019-06-03T14:02:07","slug":"about-us","status":"publish","type":"page","link":"https:\/\/omainsdefey.fr\/index.php\/about-us\/","title":{"rendered":"About Us"},"content":{"rendered":"<p>[vc_row css=\u00a0\u00bb.vc_custom_1436956453875{margin-bottom: 70px !important;}\u00a0\u00bb][vc_column width=\u00a0\u00bb1\/4&Prime; offset=\u00a0\u00bbvc_hidden-sm vc_hidden-xs\u00a0\u00bb][stm_sidebar sidebar=\u00a0\u00bb414&Prime;][\/vc_column][vc_column offset=\u00a0\u00bbvc_col-lg-9 vc_col-md-9&Prime;][vc_single_image image=\u00a0\u00bb1187&Prime; img_size=\u00a0\u00bbfull\u00a0\u00bb][vc_column_text]<\/p>\n<h3>L&rsquo;institut O Main de Fey<\/h3>\n<p>Un \u00e9crin de d\u00e9tente et de relaxation hors du temps&#8230;<\/p>\n<p>Dans une ambiance typiquement balinaise, l&rsquo;institut O Mains de Fey est une ode \u00e0 la tranquillit\u00e9&#8230; Seul(e) ou en couple, ma seule pr\u00e9occupation est de vous chouchouter le temps d&rsquo;une divine parenth\u00e8se.<\/p>\n<p>Dipl\u00f4m\u00e9e en extension ciliaire, en r\u00e9flexologie plantaire tha\u00eflandaise traditionnelle et en massage californien, je n&rsquo;utilise que des produits de qualit\u00e9 s\u00e9lectionn\u00e9s avec soin.[\/vc_column_text][\/vc_column][\/vc_row][vc_row full_width=\u00a0\u00bbstretch_row\u00a0\u00bb css=\u00a0\u00bb.vc_custom_1559311168141{margin-bottom: 0px !important;padding-top: 18px !important;padding-bottom: 18px !important;background: #007fc6 url(http:\/\/omainsdefey.fr\/wp-content\/uploads\/2015\/06\/floral_pattern.png?id=86) !important;}\u00a0\u00bb bg_position=\u00a0\u00bb50% 50%\u00a0\u00bb bg_size=\u00a0\u00bb275px 275px\u00a0\u00bb el_class=\u00a0\u00bbinner_call_2_action\u00a0\u00bb][vc_column offset=\u00a0\u00bbvc_col-lg-7 vc_col-md-7&Prime;][vc_custom_heading text=\u00a0\u00bbLe bien \u00eatre au bout des doigts\u00a0\u00bb font_container=\u00a0\u00bbtag:h2|text_align:right|color:%23ffffff|line_height:37px\u00a0\u00bb google_fonts=\u00a0\u00bbfont_family:Playfair%20Display%3Aregular%2Citalic%2C700%2C700italic%2C900%2C900italic|font_style:400%20italic%3A400%3Aitalic\u00a0\u00bb][\/vc_column][vc_column offset=\u00a0\u00bbvc_col-lg-offset-1 vc_col-lg-4 vc_col-md-offset-1 vc_col-md-4&Prime;][vc_btn title=\u00a0\u00bbPrendre RDV\u00a0\u00bb style=\u00a0\u00bbflat\u00a0\u00bb color=\u00a0\u00bbwhite\u00a0\u00bb link=\u00a0\u00bburl:http%3A%2F%2Fomainsdefey.fr%2Findex.php%2Fcontacts%2F|title:Contacts||\u00a0\u00bb][\/vc_column][\/vc_row]<\/p>\n","protected":false},"excerpt":{"rendered":"<p>[vc_row css=\u00a0\u00bb.vc_custom_1436956453875{margin-bottom: 70px !important;}\u00a0\u00bb][vc_column width=\u00a0\u00bb1\/4&Prime; offset=\u00a0\u00bbvc_hidden-sm vc_hidden-xs\u00a0\u00bb][stm_sidebar sidebar=\u00a0\u00bb414&Prime;][\/vc_column][vc_column offset=\u00a0\u00bbvc_col-lg-9 vc_col-md-9&Prime;][vc_single_image image=\u00a0\u00bb1187&Prime; img_size=\u00a0\u00bbfull\u00a0\u00bb][vc_column_text] L&rsquo;institut O Main de Fey Un \u00e9crin de d\u00e9tente et de relaxation hors du temps&#8230; Dans une ambiance typiquement balinaise, l&rsquo;institut O Mains de Fey est une ode \u00e0 la tranquillit\u00e9&#8230; Seul(e) ou en couple, ma seule pr\u00e9occupation est de vous chouchouter le [&hellip;]<\/p>\n","protected":false},"author":1,"featured_media":0,"parent":0,"menu_order":0,"comment_status":"closed","ping_status":"closed","template":"","meta":{"_monsterinsights_skip_tracking":false,"_monsterinsights_sitenote_active":false,"_monsterinsights_sitenote_note":"","_monsterinsights_sitenote_category":0},"_links":{"self":[{"href":"https:\/\/omainsdefey.fr\/index.php\/wp-json\/wp\/v2\/pages\/394"}],"collection":[{"href":"https:\/\/omainsdefey.fr\/index.php\/wp-json\/wp\/v2\/pages"}],"about":[{"href":"https:\/\/omainsdefey.fr\/index.php\/wp-json\/wp\/v2\/types\/page"}],"author":[{"embeddable":true,"href":"https:\/\/omainsdefey.fr\/index.php\/wp-json\/wp\/v2\/users\/1"}],"replies":[{"embeddable":true,"href":"https:\/\/omainsdefey.fr\/index.php\/wp-json\/wp\/v2\/comments?post=394"}],"version-history":[{"count":5,"href":"https:\/\/omainsdefey.fr\/index.php\/wp-json\/wp\/v2\/pages\/394\/revisions"}],"predecessor-version":[{"id":1236,"href":"https:\/\/omainsdefey.fr\/index.php\/wp-json\/wp\/v2\/pages\/394\/revisions\/1236"}],"wp:attachment":[{"href":"https:\/\/omainsdefey.fr\/index.php\/wp-json\/wp\/v2\/media?parent=394"}],"curies":[{"name":"wp","href":"https:\/\/api.w.org\/{rel}","templated":true}]}}