{"id":1342,"date":"2019-06-01T15:34:25","date_gmt":"2019-06-01T13:34:25","guid":{"rendered":"http:\/\/omainsdefey.fr\/?page_id=1342"},"modified":"2019-06-03T16:03:11","modified_gmt":"2019-06-03T14:03:11","slug":"deco","status":"publish","type":"page","link":"https:\/\/omainsdefey.fr\/index.php\/deco\/","title":{"rendered":"D\u00e9co"},"content":{"rendered":"<p>[vc_row][vc_column width=\u00a0\u00bb1\/3&Prime;][vc_images_carousel images=\u00a0\u00bb1343,1344,1345,1346&Prime; img_size=\u00a0\u00bb350&#215;250&Prime; onclick=\u00a0\u00bblink_no\u00a0\u00bb speed=\u00a0\u00bb2000&Prime; autoplay=\u00a0\u00bbyes\u00a0\u00bb hide_pagination_control=\u00a0\u00bbyes\u00a0\u00bb hide_prev_next_buttons=\u00a0\u00bbyes\u00a0\u00bb][\/vc_column][vc_column width=\u00a0\u00bb2\/3&Prime;][vc_column_text]<strong>La particularit\u00e9 de notre institut : toute la d\u00e9coration est \u00e0 vendre !<\/strong><\/p>\n<p>Petits et gros mobiliers, bibelots, accessoires&#8230; vous pouvez ramener chez vous un peu de cette harmonie tha\u00eflandaise que j&rsquo;ai pris plaisir \u00e0 constituer&#8230;<\/p>\n<p>Alors si coup de c\u0153ur il y a, n&rsquo;h\u00e9sitez pas ![\/vc_column_text][\/vc_column][\/vc_row][vc_row][vc_column][vc_empty_space][\/vc_column][\/vc_row]<\/p>\n","protected":false},"excerpt":{"rendered":"<p>[vc_row][vc_column width=\u00a0\u00bb1\/3&Prime;][vc_images_carousel images=\u00a0\u00bb1343,1344,1345,1346&Prime; img_size=\u00a0\u00bb350&#215;250&Prime; onclick=\u00a0\u00bblink_no\u00a0\u00bb speed=\u00a0\u00bb2000&Prime; autoplay=\u00a0\u00bbyes\u00a0\u00bb hide_pagination_control=\u00a0\u00bbyes\u00a0\u00bb hide_prev_next_buttons=\u00a0\u00bbyes\u00a0\u00bb][\/vc_column][vc_column width=\u00a0\u00bb2\/3&Prime;][vc_column_text]La particularit\u00e9 de notre institut : toute la d\u00e9coration est \u00e0 vendre ! Petits et gros mobiliers, bibelots, accessoires&#8230; vous pouvez ramener chez vous un peu de cette harmonie tha\u00eflandaise que j&rsquo;ai pris plaisir \u00e0 constituer&#8230; Alors si coup de c\u0153ur il y a, n&rsquo;h\u00e9sitez pas [&hellip;]<\/p>\n","protected":false},"author":2,"featured_media":0,"parent":0,"menu_order":0,"comment_status":"closed","ping_status":"closed","template":"","meta":{"_monsterinsights_skip_tracking":false,"_monsterinsights_sitenote_active":false,"_monsterinsights_sitenote_note":"","_monsterinsights_sitenote_category":0},"_links":{"self":[{"href":"https:\/\/omainsdefey.fr\/index.php\/wp-json\/wp\/v2\/pages\/1342"}],"collection":[{"href":"https:\/\/omainsdefey.fr\/index.php\/wp-json\/wp\/v2\/pages"}],"about":[{"href":"https:\/\/omainsdefey.fr\/index.php\/wp-json\/wp\/v2\/types\/page"}],"author":[{"embeddable":true,"href":"https:\/\/omainsdefey.fr\/index.php\/wp-json\/wp\/v2\/users\/2"}],"replies":[{"embeddable":true,"href":"https:\/\/omainsdefey.fr\/index.php\/wp-json\/wp\/v2\/comments?post=1342"}],"version-history":[{"count":8,"href":"https:\/\/omainsdefey.fr\/index.php\/wp-json\/wp\/v2\/pages\/1342\/revisions"}],"predecessor-version":[{"id":1354,"href":"https:\/\/omainsdefey.fr\/index.php\/wp-json\/wp\/v2\/pages\/1342\/revisions\/1354"}],"wp:attachment":[{"href":"https:\/\/omainsdefey.fr\/index.php\/wp-json\/wp\/v2\/media?parent=1342"}],"curies":[{"name":"wp","href":"https:\/\/api.w.org\/{rel}","templated":true}]}}