{"id":1252,"date":"2019-05-31T16:09:25","date_gmt":"2019-05-31T14:09:25","guid":{"rendered":"http:\/\/omainsdefey.fr\/?page_id=1252"},"modified":"2019-06-03T16:03:54","modified_gmt":"2019-06-03T14:03:54","slug":"prestations","status":"publish","type":"page","link":"https:\/\/omainsdefey.fr\/index.php\/prestations\/","title":{"rendered":"Nos prestations"},"content":{"rendered":"<p>[vc_row][vc_column width=\u00a0\u00bb1\/2&Prime;][vc_custom_heading type=\u00a0\u00bbtheme_style\u00a0\u00bb text=\u00a0\u00bbExtensions de cils\u00a0\u00bb font_container=\u00a0\u00bbtag:h2|text_align:left|color:%2315ace3&Prime; google_fonts=\u00a0\u00bbfont_family:Montserrat%3Aregular%2C700|font_style:400%20regular%3A400%3Anormal\u00a0\u00bb][vc_single_image image=\u00a0\u00bb1253&Prime; img_size=\u00a0\u00bblarge\u00a0\u00bb css_animation=\u00a0\u00bbzoomIn\u00a0\u00bb][vc_column_text]Extensions cil \u00e0 cil.<br \/>\nTous nos cils sont en cachemire ou en soie, pour une texture soyeuse et agr\u00e9able.<br \/>\nR\u00e9sultat naturel et glamour.<br \/>\nLes produits servant \u00e0 la pose sont s\u00e9lectionn\u00e9s avec soin pour \u00e9viter tout risque d&rsquo;allergie.[\/vc_column_text][\/vc_column][vc_column width=\u00a0\u00bb1\/2&Prime;][vc_custom_heading type=\u00a0\u00bbtheme_style\u00a0\u00bb text=\u00a0\u00bbR\u00e9flexologie plantaire Tha\u00ef\u00a0\u00bb font_container=\u00a0\u00bbtag:h2|text_align:left|color:%2315ace3&Prime; google_fonts=\u00a0\u00bbfont_family:Montserrat%3Aregular%2C700|font_style:400%20regular%3A400%3Anormal\u00a0\u00bb][vc_single_image image=\u00a0\u00bb1203&Prime; img_size=\u00a0\u00bblarge\u00a0\u00bb css_animation=\u00a0\u00bbzoomIn\u00a0\u00bb][vc_column_text]La R\u00e9flexologie plantaire Tha\u00ef est une th\u00e9rapie douce et naturelle qui consiste \u00e0 exercer des pressions sur certaines zones cutan\u00e9es principalement des mains et des pieds. Elle am\u00e8ne une profonde relaxation, ce qui a pour effet d\u2019att\u00e9nuer la tension nerveuse et les \u00e9tats de l\u00e9g\u00e8re anxi\u00e9t\u00e9. La r\u00e9flexologie stimule \u00e9galement le processus naturel d\u2019auto-gu\u00e9rison du corps. Elle s\u2019av\u00e8re particuli\u00e8rement efficace lorsqu\u2019elle est associ\u00e9e \u00e0 la relaxation.[\/vc_column_text][\/vc_column][\/vc_row][vc_row][vc_column width=\u00a0\u00bb1\/2&Prime;][vc_empty_space][vc_custom_heading type=\u00a0\u00bbtheme_style\u00a0\u00bb text=\u00a0\u00bbMassage californien\u00a0\u00bb font_container=\u00a0\u00bbtag:h2|text_align:left|color:%2315ace3&Prime; google_fonts=\u00a0\u00bbfont_family:Montserrat%3Aregular%2C700|font_style:400%20regular%3A400%3Anormal\u00a0\u00bb][vc_single_image image=\u00a0\u00bb1263&Prime; img_size=\u00a0\u00bblarge\u00a0\u00bb css_animation=\u00a0\u00bbzoomIn\u00a0\u00bb][vc_column_text]Le\u00a0<b>massage californien<\/b>\u00a0est une approche globale qui vise autant la d\u00e9tente que l&rsquo;\u00e9veil d&rsquo;une conscience psychocorporelle.<br \/>\nCe\u00a0<b>massage <\/b>utilise de longs mouvements lents et fluides qui permettent une profonde relaxation physique et psychique.[\/vc_column_text][\/vc_column][vc_column width=\u00a0\u00bb1\/2&Prime;][vc_empty_space][vc_custom_heading type=\u00a0\u00bbtheme_style\u00a0\u00bb text=\u00a0\u00bbSauna infrarouge et chromoth\u00e9rapie\u00a0\u00bb font_container=\u00a0\u00bbtag:h2|text_align:left|color:%2315ace3&Prime; google_fonts=\u00a0\u00bbfont_family:Montserrat%3Aregular%2C700|font_style:400%20regular%3A400%3Anormal\u00a0\u00bb css_animation=\u00a0\u00bbzoomIn\u00a0\u00bb][vc_single_image image=\u00a0\u00bb1264&Prime; img_size=\u00a0\u00bblarge\u00a0\u00bb css_animation=\u00a0\u00bbzoomIn\u00a0\u00bb][vc_column_text]Le sauna infrarouge est une m\u00e9thode alternative au sauna traditionnel qui propose plusieurs avantages.<\/p>\n<p>Le principe est le m\u00eame que celui du sauna traditionnel : vous \u00eates couvert de chaleur ce qui provoque une forte sudation. La diff\u00e9rence est qu\u2019avec la cabine de sauna infrarouge vous \u00e9vitez le choc thermique. La temp\u00e9rature monte entre 40 et 60 degr\u00e9s. Les \u00e9tudes scientifiques d\u00e9montrent que les organes sont stimul\u00e9s par la chaleur infrarouge qui agit directement sur les cellules du corps.[\/vc_column_text][\/vc_column][\/vc_row][vc_row][vc_column][vc_empty_space][\/vc_column][\/vc_row][vc_row][vc_column][\/vc_column][\/vc_row]<\/p>\n","protected":false},"excerpt":{"rendered":"<p>[vc_row][vc_column width=\u00a0\u00bb1\/2&Prime;][vc_custom_heading type=\u00a0\u00bbtheme_style\u00a0\u00bb text=\u00a0\u00bbExtensions de cils\u00a0\u00bb font_container=\u00a0\u00bbtag:h2|text_align:left|color:%2315ace3&Prime; google_fonts=\u00a0\u00bbfont_family:Montserrat%3Aregular%2C700|font_style:400%20regular%3A400%3Anormal\u00a0\u00bb][vc_single_image image=\u00a0\u00bb1253&Prime; img_size=\u00a0\u00bblarge\u00a0\u00bb css_animation=\u00a0\u00bbzoomIn\u00a0\u00bb][vc_column_text]Extensions cil \u00e0 cil. Tous nos cils sont en cachemire ou en soie, pour une texture soyeuse et agr\u00e9able. R\u00e9sultat naturel et glamour. Les produits servant \u00e0 la pose sont s\u00e9lectionn\u00e9s avec soin pour \u00e9viter tout risque d&rsquo;allergie.[\/vc_column_text][\/vc_column][vc_column width=\u00a0\u00bb1\/2&Prime;][vc_custom_heading type=\u00a0\u00bbtheme_style\u00a0\u00bb text=\u00a0\u00bbR\u00e9flexologie plantaire Tha\u00ef\u00a0\u00bb font_container=\u00a0\u00bbtag:h2|text_align:left|color:%2315ace3&Prime; google_fonts=\u00a0\u00bbfont_family:Montserrat%3Aregular%2C700|font_style:400%20regular%3A400%3Anormal\u00a0\u00bb][vc_single_image [&hellip;]<\/p>\n","protected":false},"author":2,"featured_media":0,"parent":0,"menu_order":0,"comment_status":"closed","ping_status":"closed","template":"","meta":{"_monsterinsights_skip_tracking":false,"_monsterinsights_sitenote_active":false,"_monsterinsights_sitenote_note":"","_monsterinsights_sitenote_category":0},"_links":{"self":[{"href":"https:\/\/omainsdefey.fr\/index.php\/wp-json\/wp\/v2\/pages\/1252"}],"collection":[{"href":"https:\/\/omainsdefey.fr\/index.php\/wp-json\/wp\/v2\/pages"}],"about":[{"href":"https:\/\/omainsdefey.fr\/index.php\/wp-json\/wp\/v2\/types\/page"}],"author":[{"embeddable":true,"href":"https:\/\/omainsdefey.fr\/index.php\/wp-json\/wp\/v2\/users\/2"}],"replies":[{"embeddable":true,"href":"https:\/\/omainsdefey.fr\/index.php\/wp-json\/wp\/v2\/comments?post=1252"}],"version-history":[{"count":26,"href":"https:\/\/omainsdefey.fr\/index.php\/wp-json\/wp\/v2\/pages\/1252\/revisions"}],"predecessor-version":[{"id":1281,"href":"https:\/\/omainsdefey.fr\/index.php\/wp-json\/wp\/v2\/pages\/1252\/revisions\/1281"}],"wp:attachment":[{"href":"https:\/\/omainsdefey.fr\/index.php\/wp-json\/wp\/v2\/media?parent=1252"}],"curies":[{"name":"wp","href":"https:\/\/api.w.org\/{rel}","templated":true}]}}